{"id":3536,"date":"2017-09-20T15:17:28","date_gmt":"2017-09-20T13:17:28","guid":{"rendered":"https:\/\/www.lkjbw.de\/blog\/?page_id=3536"},"modified":"2017-09-20T15:21:15","modified_gmt":"2017-09-20T13:21:15","slug":"impressum","status":"publish","type":"page","link":"https:\/\/www.lkjbw.de\/blog\/impressum\/","title":{"rendered":"Impressum"},"content":{"rendered":"<p>&nbsp;<\/p>\n<p><strong>LANDESVEREINIGUNG KULTURELLE JUGENDBILDUNG (LKJ) BADEN-W\u00dcRTTEMBERG E. V.<\/strong><\/p>\n<p><strong>Vorstand<\/strong><br \/>\nProf. Dr. Markus Kosuch<\/p>\n<p><strong>Kontakt<\/strong><br \/>\nLKJ-Gesch\u00e4ftsstelle<br \/>\nRosenbergstr. 50<br \/>\n70176 Stuttgart<br \/>\nFon 0711 95 80 28 10<br \/>\nFax 0711 95 80 28 99<br \/>\nE-Mail: <a href=\"mailto:medien@lkjbw.de\">medien@lkjbw.de<\/a><\/p>\n<p>Vereinsregister Amtsgericht Stuttgart VR 7067<\/p>\n<h2>DISCLAIMER &#8211; HAFTUNGSAUSSCHLUSS<\/h2>\n<h3>Haftung f\u00fcr Inhalte<\/h3>\n<p>Obwohl wir uns um Aktualit\u00e4t, Vollst\u00e4ndigkeit und Richtigkeit der Inhalte unserer Seiten bem\u00fchen, k\u00f6nnen wir hierf\u00fcr keine Garantie \u00fcbernehmen.<br \/>\nNach \u00a7 7 Absatz 1 TDG sind wir als Diensteanbieter f\u00fcr eigene Inhalte auf unseren Seiten nach den allgemeinen Gesetzen verantwortlich.<br \/>\nEine Verpflichtung zur \u00dcberwachung \u00fcbermittelter oder gespeicherter fremder Informationen besteht jedoch nicht (\u00a7\u00a7 8-10 TDG). Sobald uns Rechtsverst\u00f6\u00dfe bekannt werden, werden wir die entsprechenden Inhalte umgehend entfernen. Eine dahingehende Haftung wird jedoch erst ab dem Zeitpunkt der Kenntnis konkreter Rechtsverletzungen \u00fcbernommen.<\/p>\n<h3>Haftung f\u00fcr Links<\/h3>\n<p>Unsere Seiten enthalten Links auf externe Webseiten Dritter. Auf die Inhalte dieser verlinkten Webseiten haben wir keinen Einfluss. F\u00fcr die Richtigkeit der Inhalte ist immer der jeweilige Anbieter oder Betreiber verantwortlich, weshalb wir diesbez\u00fcglich keinerlei Gew\u00e4hr \u00fcbernehmen.<br \/>\nDie fremden Webseiten haben wir zum Zeitpunkt der Verlinkung auf m\u00f6gliche Rechtsverst\u00f6\u00dfe \u00fcberpr\u00fcft. Zum Zeitpunkt der Verlinkung waren keinerlei Rechtsverletzungen erkennbar. Eine st\u00e4ndige \u00dcberpr\u00fcfung s\u00e4mtlicher Inhalte der von uns verlinkten Seiten ohne tats\u00e4chliche Anhaltspunkte f\u00fcr einen Rechtsversto\u00df k\u00f6nnen wir nicht leisten. Falls uns Rechtsverletzungen bekannt werden, werden wir die entsprechenden Links sofort entfernen.<\/p>\n<h3>Urheberrecht<\/h3>\n<p>Die durch den Betreiber dieser Seite erstellten Inhalte und Werke auf diesen Webseiten unterliegen dem deutschen Urheberrecht. S\u00e4mtliche Beitr\u00e4ge Dritter sind als solche gekennzeichnet. Die Vervielf\u00e4ltigung, Bearbeitung, Verbreitung und jede Art der Verwertung au\u00dferhalb der Grenzen des Urheberrechts bed\u00fcrfen der schriftlichen Zustimmung des jeweiligen Autors bzw. Erstellers. Kopien von diesen Seiten sind nur f\u00fcr den privaten Bereich gestattet, nicht jedoch f\u00fcr kommerzielle Zwecke.<br \/>\nEiner Nutzung der im Impressum ver\u00f6ffentlichten Kontaktdaten durch Dritte zu Werbezwecken wird hiermit ausdr\u00fccklich widersprochen. Der Betreiber beh\u00e4lt sich f\u00fcr den Fall unverlangt zugesandter Werbe- oder Informationsmaterialien ausdr\u00fccklich rechtliche Schritte vor.<\/p>\n<h3>Rechtswirksamkeit dieses Haftungsausschlusses<\/h3>\n<p>Sollten einzelne Regelungen oder Formulierungen dieses Haftungsausschlusses unwirksam sein oder werden, bleiben die \u00fcbrigen Regelungen in ihrem Inhalt und ihrer G\u00fcltigkeit hiervon unber\u00fchrt.<br \/>\nQuelle: anwalt-seiten.de<\/p>\n<h2>DATENSCHUTZERKL\u00c4RUNG<\/h2>\n<p>Diese Webseite benutzt Piwik, einen Open-Source-Webanalysedienst. Piwik verwendet sogenannte &#8222;Cookies&#8220;, Textdateien, die auf Ihrem Computer gespeichert werden und uns eine statistische Auswertung der Besucherzahlen, der verwendeten Browser, der Besuchszeiten etc. erm\u00f6glicht. Diese Statistiken werden anonym und ohne die Speicherung Ihrer IP-Adresse erstellt.<br \/>\nDabei werden keine personenbezogenen Daten erhoben. Zu keinem Zeitpunkt werden an Dritte weitergegeben oder im Ausland gespeichert, die Datenhoheit \u00fcberliegt uns.<br \/>\nSie k\u00f6nnen einen sog. &#8222;Opt Out&#8220; durchf\u00fchren, d.h. sich von diesem Verfahren abmelden, indem Sie diesem Link folgen und das H\u00e4kchen entfernen. Um \u00fcber unsere Homepage hinaus solche Analysen zu vermeiden, sollten Sie Cookies in Ihrem Browser deaktivieren.<\/p>\n","protected":false},"excerpt":{"rendered":"<p>&nbsp; LANDESVEREINIGUNG KULTURELLE JUGENDBILDUNG (LKJ) BADEN-W\u00dcRTTEMBERG E. V. Vorstand Prof. Dr. Markus Kosuch Kontakt LKJ-Gesch\u00e4ftsstelle Rosenbergstr. 50 70176 Stuttgart Fon 0711 95 80 28 10 Fax 0711 95 80 28 99 E-Mail: medien@lkjbw.de Vereinsregister Amtsgericht Stuttgart VR 7067 DISCLAIMER &#8211; HAFTUNGSAUSSCHLUSS Haftung f\u00fcr Inhalte Obwohl wir uns um Aktualit\u00e4t, Vollst\u00e4ndigkeit und Richtigkeit der Inhalte unserer&#8230; <a class=\"moretag\" href=\"https:\/\/www.lkjbw.de\/blog\/impressum\/\"> weiterlesen &raquo;<\/a><\/p>\n","protected":false},"author":12,"featured_media":0,"parent":0,"menu_order":0,"comment_status":"closed","ping_status":"closed","template":"","meta":[],"_links":{"self":[{"href":"https:\/\/www.lkjbw.de\/blog\/wp-json\/wp\/v2\/pages\/3536"}],"collection":[{"href":"https:\/\/www.lkjbw.de\/blog\/wp-json\/wp\/v2\/pages"}],"about":[{"href":"https:\/\/www.lkjbw.de\/blog\/wp-json\/wp\/v2\/types\/page"}],"author":[{"embeddable":true,"href":"https:\/\/www.lkjbw.de\/blog\/wp-json\/wp\/v2\/users\/12"}],"replies":[{"embeddable":true,"href":"https:\/\/www.lkjbw.de\/blog\/wp-json\/wp\/v2\/comments?post=3536"}],"version-history":[{"count":6,"href":"https:\/\/www.lkjbw.de\/blog\/wp-json\/wp\/v2\/pages\/3536\/revisions"}],"predecessor-version":[{"id":3547,"href":"https:\/\/www.lkjbw.de\/blog\/wp-json\/wp\/v2\/pages\/3536\/revisions\/3547"}],"wp:attachment":[{"href":"https:\/\/www.lkjbw.de\/blog\/wp-json\/wp\/v2\/media?parent=3536"}],"curies":[{"name":"wp","href":"https:\/\/api.w.org\/{rel}","templated":true}]}}