{"id":4037,"date":"2018-05-24T11:43:01","date_gmt":"2018-05-24T09:43:01","guid":{"rendered":"https:\/\/www.lkjbw.de\/blog\/?page_id=4037"},"modified":"2022-06-01T15:59:45","modified_gmt":"2022-06-01T13:59:45","slug":"datenschutz","status":"publish","type":"page","link":"https:\/\/www.lkjbw.de\/blog\/datenschutz\/","title":{"rendered":"Datenschutz"},"content":{"rendered":"<p><strong>DATENSCHUTZHINWEISE<\/strong><\/p>\n<p>Die Landesvereinigung Kulturelle Jugendbildung Baden-W\u00fcrttemberg e.V. ist sich dar\u00fcber bewusst, dass Ihnen der Schutz Ihrer Privatsph\u00e4re bei der Benutzung unserer Websites ein wichtiges Anliegen ist. Wir nehmen den Schutz Ihrer pers\u00f6nlichen Daten sehr ernst. Deshalb m\u00f6chten wir, dass Sie wissen, wann wir welche Daten speichern und wie wir sie verwenden. Wir m\u00f6chten Sie deshalb mit dieser Datenschutzerkl\u00e4rung \u00fcber unsere Ma\u00dfnahmen zum Datenschutz in Kenntnis setzen.<\/p>\n<p>Verantwortlicher f\u00fcr diese Internetseiten ist die<\/p>\n<p>Landesvereinigung Kulturelle Jugendbildung (LKJ) Baden-W\u00fcrttemberg e. V.<br \/>\nRosenbergstr. 50<br \/>\n70176 Stuttgart<\/p>\n<p><u><a href=\"https:\/\/www.lkjbw.de\/navigation-service\/impressum\/\" target=\"_blank\" rel=\"noopener noreferrer\">www.lkjbw.de\/navigation-service\/impressum<\/a><\/u><\/p>\n<p><strong>Welche Daten werden verarbeitet? Rechtsgrundlagen der Datenverarbeitung<\/strong><\/p>\n<p>Um Ihnen unsere Internetseite und die damit verbundenen Dienstleistungen anbieten zu k\u00f6nnen, verarbeiten wir personenbezogene Daten auf Basis folgender Rechtsgrundlagen:<\/p>\n<p>\u2013&nbsp; <strong>Einwilligung<\/strong> (Art. 6 Abs. 1 lit. a) und Art. 7 DSGVO)<\/p>\n<p>\u2013&nbsp; zur <strong>Erf\u00fcllung von Vertr\u00e4gen<\/strong> (Art. 6 Abs. 1 lit. b) DSGVO)<\/p>\n<p>\u2013&nbsp; zur Erf\u00fcllung rechtlicher Verpflichtungen (Art. 6 Abs. 1 lit c) DSGVO)<\/p>\n<p>\u2013&nbsp; auf Basis einer <strong>Interessenabw\u00e4gung<\/strong> (Art. 6 Abs. 1 lit. f) DSGVO)<\/p>\n<p>Wir werden im Zusammenhang mit der jeweiligen Verarbeitung auf die entsprechenden Begrifflichkeiten Bezug nehmen, so dass Sie einordnen k\u00f6nnen, auf welcher Basis wir personenbezogene Daten verarbeiten.<\/p>\n<p>Wenn personenbezogene Daten auf Grundlage einer <strong>Einwilligung <\/strong>von Ihnen verarbeitet werden, haben Sie das Recht, die Einwilligung jederzeit mit Wirkung f\u00fcr die Zukunft uns gegen\u00fcber zu <strong>widerrufen.<\/strong><\/p>\n<p>Wenn wir Daten auf Basis einer <strong>Interessenabw\u00e4gung<\/strong> verarbeiten, haben Sie als Betroffene\/r das Recht, unter Ber\u00fccksichtigung der Vorgaben von Art. 21 DSGVO der Verarbeitung der personenbezogenen Daten zu <strong>widersprechen.<\/strong><\/p>\n<p><strong>Zugriffsdaten<\/strong><\/p>\n<p>Wenn Sie unsere Internetseiten besuchen, werden personenbezogene Daten verarbeitet, um Ihnen die Inhalte der Internetseite auf Ihrem Endger\u00e4t anzeigen zu k\u00f6nnen. Damit die Seiten in Ihrem Browser dargestellt werden k\u00f6nnen, muss die IP-Adresse des von Ihnen verwendeten Endger\u00e4ts verarbeitet werden. Hinzu kommen weitere Information \u00fcber den Browser Ihres Endger\u00e4ts.<\/p>\n<p>Wir sind datenschutzrechtlich verpflichtet, auch die Vertraulichkeit und Integrit\u00e4t der mit unseren IT-Systemen verarbeiteten personenbezogenen Daten zu gew\u00e4hrleisten. F\u00fcr diesen Zweck und aus diesem Interesse werden auf Basis einer Interessenabw\u00e4gung nachfolgende Daten protokolliert:<\/p>\n<p>\u2013&nbsp; IP-Adresse und Hostname des aufrufenden Rechners (f\u00fcr maximal 7 Tage)<\/p>\n<p>\u2013&nbsp; Betriebssystem des aufrufenden Rechners<\/p>\n<p>\u2013&nbsp; Browsertyp- und Version des aufrufenden Rechners<\/p>\n<p>\u2013&nbsp; Name der abgerufenen Zieladresse (URL) und Datei<\/p>\n<p>\u2013&nbsp; Datum und Uhrzeit des Abrufs<\/p>\n<p>\u2013&nbsp; \u00fcbertragene Datenmenge<\/p>\n<p>\u2013&nbsp; Verweisende URL (Referrer)<\/p>\n<p>Die IP-Adresse wird nach sp\u00e4testens 7 Tagen von allen Systemen, die im Zusammenhang mit dem Betrieb dieser Internetseiten verwendet werden, gel\u00f6scht. Einen Personenbezug k\u00f6nnen wir aus den verbleibenden Daten dann nicht mehr herstellen.<\/p>\n<p>Die Daten werden ferner auch verwendet, um Fehler auf den Internetseiten ermitteln und beheben zu k\u00f6nnen. Im Bedarfsfall werden hierzu gegebenenfalls weitere, mit obigen Daten vergleichbare, Informationen zur Zweck der Abwehr von Angriffen auf unsere IT-Systeme im Rahmen der Wahrung unserer berechtigten Interessen erhoben.<\/p>\n<p><strong>Zweck der Verarbeitung personenbezogener Daten<\/strong><\/p>\n<p>Die vorgenannten Daten verarbeiten wir f\u00fcr den Betrieb unserer Internetseite und der Wahrung unserer berechtigten Interessen.<\/p>\n<p><strong>Cookies<\/strong><\/p>\n<p>Auf unseren Internetseiten kommen Cookies zum Einsatz. Cookies sind kleine Textinformationen, die \u00fcber ihren Browser in Ihrem Endger\u00e4t gespeichert werden. Die Cookies sind erforderlich, um bestimmte Funktionen unserer Internetseiten zu erm\u00f6glichen.<\/p>\n<p>Diese Dateien k\u00f6nnen nicht zur Ausf\u00fchrung von Programmen oder Viren auf Ihrem Rechner benutzt werden und nehmen nur marginalen Speicherplatz in Anspruch. Im Regelfall verf\u00fcgen Cookies \u00fcber eine eindeutige Zeichenfolge &#8211; die sogenannte Cookie-ID &#8211; mit dieser Kennung kann die Webseite bzw. der Server Ihren Internetbrowser eindeutig identifizieren und von anderen Rechnern unterscheiden.<\/p>\n<p>Wir nutzen dabei teilweise Session-Cookies, die unmittelbar nach Beendigung des Besuchs der Internetseiten\/des Schlie\u00dfens des Browsers automatisch von Ihrem Endger\u00e4t gel\u00f6scht werden.<\/p>\n<p>Diese setzen wir zur technischen Realisierung einzelner Funktionen unserer Webseite ein, welche ohne die Nutzung von Session-Cookies nicht oder nur im eingeschr\u00e4nkten Umfang m\u00f6glich sind. Hierunter k\u00f6nnen insbesondere Zwecke des Bedienkomforts, der Darstellung, der Benutzerauthentifizierung und weitere Sicherheitsma\u00dfnahmen fallen.<\/p>\n<p>Im Bereich der Webanalyse setzen wir aber auch sog. persistente Cookies ein, die nicht automatisch nach Beendigung des Besuchs unserer Internetseite gel\u00f6scht werden. Persistente Cookies k\u00f6nnen ebenfalls im Bereich der Nutzerauthentifizierung zum Einsatz kommen, insbesondere sofern die optionale Funktion \u201aangemeldet bleiben\u2018 genutzt wird.<\/p>\n<p>Sie haben die M\u00f6glichkeit, das Setzen von Cookies durch entsprechende Einstellungen in Ihrem Browser zu unterbinden. Nutzen Sie hierzu bitte das Handbuch oder die Hilfe-Funktion Ihres Internetbrowsers. Wir weisen jedoch darauf hin, dass die Nutzung unserer Internetseiten dann ggf. nur eingeschr\u00e4nkt m\u00f6glich ist.<\/p>\n<p>Der Einsatz von Cookies erfolgt auf Basis einer Interessenabw\u00e4gung. Unser Interesse ist der technisch einwandfreie, sichere und bedienungsfreundliche Besuch unserer Internetseiten.<\/p>\n<p><strong>Newsletter<\/strong><\/p>\n<p>Sie k\u00f6nnen auf unserer Internetseite auch einen E-Mail-Newsletter abonnieren. Wir verarbeiten neben den freiwilligen Angaben im jeweiligen Formular dazu Ihre E-Mail-Adresse. Diese E-Mail Adresse ist f\u00fcr die Zusendung zwingend erforderlich. Sie k\u00f6nnen den Newsletter jederzeit bei uns abbestellen. Alternativ finden Sie einen Link zur Abmeldung in jeder Newsletter-E-Mail.<\/p>\n<p>F\u00fcr den Versand unseres Newsletters ist Ihre Einwilligung erforderlich. Diese holen wir regelm\u00e4\u00dfig \u00fcber das sogenannte Double Opt-In Verfahren ein, bei welchem Sie zun\u00e4chst eine Best\u00e4tigungsmail erhalten. Diese m\u00fcssen Sie durch aktives Handeln best\u00e4tigen um Ihre Einwilligung zum Newsletter Empfang zu erkl\u00e4ren. Dies wird durch eine technische L\u00f6sung gew\u00e4hrleistet. Erst danach werden Sie dem Versandpool hinzugef\u00fcgt.<\/p>\n<p><strong>Youtube<\/strong><\/p>\n<p>Weiterhin binden wir auf unserer Webseite zum Teil Videos unserer Projekte unter Nutzung des Dienstes \u201eYoutube\u201c von Google ein. Die Datenverarbeitung erfolgt ebenfalls auf Basis einer Interessenabw\u00e4gung. Unser Interesse besteht hierbei in einer ansprechenden und funktionalen Darstellung unserer Webseite und der Anzeige entsprechender Videos auf unseren Onlinenageboten.<\/p>\n<p>Das Videomaterial wird dabei von den Servern von Google geladen, die sich in der Regel in den USA befinden. Hierbei k\u00f6nnen von Google IP-Adressen erhoben werden. Bei der Einbindung von entsprechenden Videos verwenden wir nach M\u00f6glichkeit die von Google bereitgestellte Option \u201aErweiterter Datenschutzmodus\u2018. Hierbei wird seitens Google das Setzen von Cookies und das Nutzertracking eingeschr\u00e4nkt..<\/p>\n<p>Das angemessene Datenschutzniveau wird von Google im Rahmen von \u201ePrivacy Shield\u201c garantiert. Die Datenschutzerkl\u00e4rung des Anbieters Google LLC kann unter <u><a href=\"https:\/\/www.google.com\/policies\/privacy\/\" target=\"_blank\" rel=\"noopener noreferrer\">https:\/\/www.google.com\/policies\/privacy\/<\/a><\/u> eingesehen werden.<\/p>\n<p><strong>Onlineprofile auf Plattformen und in sozialen Netzwerken<\/strong><\/p>\n<p>Wir unterhalten Profile- bzw. Informationsangebote bei Plattformbetreibern und sozialen Netzwerken (Facebook und Twitter). Hierbei informieren wir die dort aktiven Nutzer und Interessenten \u00fcber unsere Projekte und News aus dem Bereich der kulturellen Bildung und nutzen das Angebot zur Kommunikation mit den Nutzern des jeweiligen Angebots.<\/p>\n<p>Die Nutzung der jeweiligen Plattformen und Angebote unterliegt den jeweils vom Betreiber festgelegten Datenschutzrichtlinien und Nutzungsbedingungen. Soweit Nutzer im Rahmen dieser Plattformen mit uns in Kontakt treten, verarbeiten wir die Nachrichten und \u00fcbermittelten Daten entsprechend dieser Datenschutzerkl\u00e4rung.<\/p>\n<p>Dabei besteht die M\u00f6glichkeit, dass Daten au\u00dferhalb der Europ\u00e4ischen Union bzw. des EWR verarbeitet werden k\u00f6nnen. Dadurch k\u00f6nnen u.U. Risiken f\u00fcr die Rechte und Freiheiten der Betroffenen entstehen, insbesondere kann die Durchsetzung der Betroffenenrechte unter Umst\u00e4nden erschwert sein.<\/p>\n<p>Die Verarbeitung der personenbezogenen Daten erfolgt hierbei auf Grundlage einer Interessenabw\u00e4gung. Unser Interesse liegt hierbei in der effizienten Information und Kommunikation mit den Nutzern der jeweiligen Plattform. Dies gilt nicht, sofern die Datenverarbeitung durch den jeweiligen Betreiber auf eine andere Rechtsgrundlagen gest\u00fctzt wird. In F\u00e4llen in denen dieser eine Einwilligung des Betroffenen einholt, erfolgt die Verarbeitung der Daten auf Grundlage einer Einwilligung.<\/p>\n<p>Die Anbieter verarbeiten die Daten der Plattformnutzer regelm\u00e4\u00dfig auch f\u00fcr Werbe- und Marktforschungszwecke. Auch die Bildung von Nutzer- und Interessensprofilen findet regelm\u00e4\u00dfig statt. Diese werden oftmals unter Einsatz von persistenten (Tracking-)Cookies zur Anzeige zielgerichteter Werbung auf der Plattform und ggf. auch auf externen Webseiten verwendet. Im Einzelfall k\u00f6nnen diese Daten u.U. auch ger\u00e4te\u00fcbergreifend verarbeitet werden.<\/p>\n<p>Sofern Sie Ihre Rechte geltend machen m\u00f6chten, wenden Sie sich bitte bevorzugt an den jeweiligen Anbieter, da dieser weitreichenderen Zugriff auf Ihre Daten hat und daher regelm\u00e4\u00dfig weit umfangreichere M\u00f6glichkeiten zur Bearbeitung Ihres Anliegens hat.<\/p>\n<ul>\n<li><u><a href=\"https:\/\/www.facebook.com\/terms\" target=\"_blank\" rel=\"noopener noreferrer\">Facebook<\/a><\/u><\/li>\n<li><u><a href=\"https:\/\/legal.twitter.com\/imprint\" target=\"_blank\" rel=\"noopener noreferrer\">Twitter<\/a><\/u><\/li>\n<\/ul>\n<p><strong>Webtracking<\/strong><\/p>\n<p>Wie nutzen piwik zur statistischen Auswertung der Besucherzugriffe. Piwik verwendet ebenfalls sogenannte Cookies, die auf Ihrem Computer gespeichert werden und die eine Analyse der Benutzung der Website durch Sie erm\u00f6glichen. Die durch den Cookie erzeugten Informationen \u00fcber Ihre Benutzung dieses Internetangebotes werden auf den Webservern der LKJ in Deutschland gespeichert. Die IP-Adresse wird sofort nach der Verarbeitung und vor deren Speicherung anonymisiert. Sie k\u00f6nnen die Installation der Cookies durch eine entsprechende Einstellung Ihrer Browser-Software verhindern; wir weisen Sie jedoch darauf hin, dass Sie in diesem Fall gegebenenfalls nicht s\u00e4mtliche Funktionen dieser Website vollumf\u00e4nglich nutzen k\u00f6nnen.<\/p>\n<p><strong>Empf\u00e4nger \/ Weitergabe von Daten<\/strong><\/p>\n<p>Daten, die Sie uns gegen\u00fcber angeben, werden grunds\u00e4tzlich nicht an Dritte weitergegeben. Insbesondere werden Ihre Daten nicht an Dritte f\u00fcr deren Werbezwecke weitergegeben. Wir setzen jedoch ggf. Dienstleister f\u00fcr den Betrieb dieser Internetseiten oder f\u00fcr weitere Produkte oder Dienstleistungen von uns ein. Hier kann es vorkommen, dass ein Dienstleister Kenntnis von personenbezogenen Daten erh\u00e4lt Wir w\u00e4hlen unsere Dienstleister sorgf\u00e4ltig \u2013 insbesondere im Hinblick auf Datenschutz und Datensicherheit \u2013 aus und treffen alle datenschutzrechtlich erforderlichen Ma\u00dfnahmen f\u00fcr eine zul\u00e4ssige Datenverarbeitung.<\/p>\n<p><strong>Schutzma\u00dfnahmen<\/strong><\/p>\n<p>Wir haben Art. 32 DSGVO entsprechende technische und organisatorische Ma\u00dfnahmen umgesetzt um die Sicherheit der durch uns verarbeiteten personenbezogenen Daten sicherzustellen.<\/p>\n<p>Um die Sicherheit Ihrer Daten w\u00e4hrend des \u00dcbertragungsvorgangs beim Besuch unserer Webseite zu gew\u00e4hrleisten, setzen wir zudem SSL\/TLS-Verschl\u00fcsselungsverfahren nach dem aktuellen Stand der Technik ein.<\/p>\n<p>Jedoch lassen sich Sicherheitsl\u00fccken bei der Daten\u00fcbertragung \u00fcber das Internet nicht g\u00e4nzlich ausschlie\u00dfen. Aus diesem Grund verweisen wir auf die M\u00f6glichkeit hin, uns personenbezogene Daten auch auf alternativen Wegen (z. B. per Telefon oder Briefpost) zu \u00fcbermitteln.<\/p>\n<p><strong>Datenverarbeitung au\u00dferhalb der Europ\u00e4ischen Union<\/strong><\/p>\n<p>Soweit personenbezogenen Daten au\u00dferhalb der europ\u00e4ischen Union oder des europ\u00e4ischen Wirtschaftsraums verarbeitet werden, k\u00f6nnen Sie dies den vorhergehenden Ausf\u00fchrungen entnehmen.<\/p>\n<p>Die Verarbeitung erfolgt in diesen F\u00e4llen unter den besonderen Voraussetzungen der Art. 44 ff. DSGVO. Es wird also durch gesonderte Garantien sichergestellt, dass bei der Verarbeitung ein den EU-Bestimmungen entsprechendes Schutzniveau besteht.<\/p>\n<p>Bei Verarbeitungen in den USA erfolgt dies regelm\u00e4\u00dfig durch das anerkannte \u201ePrivacy Shield\u201c Programm, in sonstigen F\u00e4llen \u00fcberwiegend durch Verwendung anerkannter Vertragsverpflichtungen \u2013 den sogenannten Standardvertragsklauseln.<\/p>\n<p><strong>Ihre Rechte als Betroffene*r<\/strong><\/p>\n<p>Sie haben entsprechend Art. 15 DSGVO das Recht auf Auskunft \u00fcber die Sie betreffenden personenbezogenen Daten. Sie k\u00f6nnen sich f\u00fcr eine Auskunft f\u00fcr weitere Informationen und zur Erlangung einer Kopie der Daten jederzeit an uns wenden.<\/p>\n<p>Bei einer Auskunftsanfrage, die nicht schriftlich erfolgt, bitten wir um Verst\u00e4ndnis daf\u00fcr, dass wir ggf. Nachweise von Ihnen verlangen, die belegen, dass Sie die Person sind, f\u00fcr die Sie sich ausgeben.<\/p>\n<p>Ferner haben Sie nach Art. 16 DSGVO ein Recht auf <strong>Berichtigung <\/strong>oder entsprechend Art. 17 DSGVO auf L\u00f6schung oder auf Einschr\u00e4nkung der Verarbeitung entsprechend Art. 18 DSGVO &#8211; soweit Ihnen dies gesetzlich zusteht.<\/p>\n<p>Ebenfalls haben Sie nach Art. 20 DSGVO ein Recht auf Daten\u00fcbertragbarkeit, also darauf, die uns bereitgestellten Daten zu erhalten und deren \u00dcbermittlung an einen sonstigen Verantwortlichen zu fordern.<\/p>\n<p>Schlie\u00dflich haben Sie ein Widerspruchsrecht gegen die Verarbeitung im Rahmen der gesetzlichen Vorgaben insbesondere nach Ma\u00dfgabe des Art. 21 DSGVO.<\/p>\n<p><strong>L\u00f6schung von Daten<\/strong><\/p>\n<p>Wir l\u00f6schen personenbezogene Daten grunds\u00e4tzlich dann, wenn kein Erfordernis f\u00fcr eine weitere Speicherung besteht. Im Falle von gesetzlichen Aufbewahrungspflichten kommt eine L\u00f6schung erst nach Ablauf der jeweiligen Aufbewahrungspflicht in Betracht.<\/p>\n<p>Die Erforderlichkeit der Datenl\u00f6schung wird von uns im Rahmen eines entsprechenden Prozesses regelm\u00e4\u00dfig \u00fcberpr\u00fcft und durchgesetzt.<\/p>\n<p>Beschwerderecht bei einer Aufsichtsbeh\u00f6rde<\/p>\n<p>Sie haben das Recht, sich \u00fcber die Verarbeitung personenbezogenen Daten durch uns bei einer Aufsichtsbeh\u00f6rde f\u00fcr den Datenschutz zu beschweren.<\/p>\n<p><strong>Datenschutzbeauftragter<\/strong><\/p>\n<p>Wir haben einen Datenschutzbeauftragten benannt.<br \/>\nSie erreichen diesen wie folgt:<\/p>\n<p>Landesvereinigung Kulturelle Jugendbildung (LKJ) Baden-W\u00fcrttemberg e.V.<br \/>\n&#8211; Datenschutzbeauftragter &#8211;<br \/>\nRosenbergstr. 50<br \/>\n70176 Stuttgart<br \/>\nE-Mail: <u><a href=\"mailto:Datenschutzbeauftragter@lkjbw.de\">Datenschutzbeauftragter@lkjbw.de<\/a><\/u><\/p>\n<p><strong>\u00c4nderung dieser Datenschutzhinweise<\/strong><\/p>\n<p>Wir \u00fcberarbeiten diese Datenschutzhinweise bei \u00c4nderungen an dieser Internetseite oder bei sonstigen Anl\u00e4ssen, die dies erforderlich machen.<\/p>\n","protected":false},"excerpt":{"rendered":"<p>DATENSCHUTZHINWEISE Die Landesvereinigung Kulturelle Jugendbildung Baden-W\u00fcrttemberg e.V. ist sich dar\u00fcber bewusst, dass Ihnen der Schutz Ihrer Privatsph\u00e4re bei der Benutzung unserer Websites ein wichtiges Anliegen ist. Wir nehmen den Schutz Ihrer pers\u00f6nlichen Daten sehr ernst. Deshalb m\u00f6chten wir, dass Sie wissen, wann wir welche Daten speichern und wie wir sie verwenden. Wir m\u00f6chten Sie deshalb&#8230; <a class=\"moretag\" href=\"https:\/\/www.lkjbw.de\/blog\/datenschutz\/\"> weiterlesen &raquo;<\/a><\/p>\n","protected":false},"author":12,"featured_media":0,"parent":0,"menu_order":0,"comment_status":"closed","ping_status":"closed","template":"","meta":[],"_links":{"self":[{"href":"https:\/\/www.lkjbw.de\/blog\/wp-json\/wp\/v2\/pages\/4037"}],"collection":[{"href":"https:\/\/www.lkjbw.de\/blog\/wp-json\/wp\/v2\/pages"}],"about":[{"href":"https:\/\/www.lkjbw.de\/blog\/wp-json\/wp\/v2\/types\/page"}],"author":[{"embeddable":true,"href":"https:\/\/www.lkjbw.de\/blog\/wp-json\/wp\/v2\/users\/12"}],"replies":[{"embeddable":true,"href":"https:\/\/www.lkjbw.de\/blog\/wp-json\/wp\/v2\/comments?post=4037"}],"version-history":[{"count":6,"href":"https:\/\/www.lkjbw.de\/blog\/wp-json\/wp\/v2\/pages\/4037\/revisions"}],"predecessor-version":[{"id":6549,"href":"https:\/\/www.lkjbw.de\/blog\/wp-json\/wp\/v2\/pages\/4037\/revisions\/6549"}],"wp:attachment":[{"href":"https:\/\/www.lkjbw.de\/blog\/wp-json\/wp\/v2\/media?parent=4037"}],"curies":[{"name":"wp","href":"https:\/\/api.w.org\/{rel}","templated":true}]}}